{"id":172,"date":"2018-04-11T09:15:42","date_gmt":"2018-04-11T09:15:42","guid":{"rendered":"http:\/\/www.respet.net\/?page_id=172"},"modified":"2023-07-31T21:05:27","modified_gmt":"2023-07-31T21:05:27","slug":"equipo-respet","status":"publish","type":"page","link":"https:\/\/www.respet.net\/?page_id=172","title":{"rendered":"Quien soy"},"content":{"rendered":"\t\t<div data-elementor-type=\"wp-page\" data-elementor-id=\"172\" class=\"elementor elementor-172 elementor-bc-flex-widget\">\n\t\t\t\t\t\t<section class=\"elementor-section elementor-top-section elementor-element elementor-element-0b6b71d elementor-section-boxed elementor-section-height-default elementor-section-height-default\" data-id=\"0b6b71d\" data-element_type=\"section\">\n\t\t\t\t\t\t<div class=\"elementor-container elementor-column-gap-default\">\n\t\t\t\t\t<div class=\"elementor-column elementor-col-100 elementor-top-column elementor-element elementor-element-8f66f41\" data-id=\"8f66f41\" data-element_type=\"column\">\n\t\t\t<div class=\"elementor-widget-wrap elementor-element-populated\">\n\t\t\t\t\t\t<div class=\"elementor-element elementor-element-e00918f elementor-widget elementor-widget-text-editor\" data-id=\"e00918f\" data-element_type=\"widget\" data-widget_type=\"text-editor.default\">\n\t\t\t\t<div class=\"elementor-widget-container\">\n\t\t\t\t\t\t\t<h4><img fetchpriority=\"high\" decoding=\"async\" class=\"size-medium wp-image-165 alignleft\" src=\"http:\/\/www.respet.net\/wp-content\/uploads\/2018\/04\/alvaro-arevalo-300x250.jpg\" alt=\"\" width=\"300\" height=\"250\" srcset=\"https:\/\/www.respet.net\/wp-content\/uploads\/2018\/04\/alvaro-arevalo-300x250.jpg 300w, https:\/\/www.respet.net\/wp-content\/uploads\/2018\/04\/alvaro-arevalo.jpg 582w\" sizes=\"(max-width: 300px) 100vw, 300px\" \/><\/h4><div class=\"yj6qo ajU\"><h5><span style=\"color: #808080;\">Alvaro Ar\u00e9valo es Licenciado en Veterinaria por la Universidad Complutense de Madrid.<\/span><\/h5><h5><span style=\"color: #808080;\">Curs\u00f3 un M\u00e1ster en Etolog\u00eda Cl\u00ednica en la Universidad Aut\u00f3noma de Barcelona y ha realizado numerosos Curso de formaci\u00f3n en Educaci\u00f3n Canina y Modificaci\u00f3n de Conducta con profesionales de todo el mundo: Ethogroup, Learning about dogs, Kay Laurence, Jaume Fatj\u00f3, Xavier Manteca, Marta Amat, etc.<\/span><\/h5><h5><span style=\"color: #808080;\">Ha desarrollado programas de Terapia Asistida con Animales para personas con diversidad funcional y privadas de libertad en colaboraci\u00f3n con la Fundaci\u00f3n Affinity y el centro penitenciario Madrid III.<\/span><\/h5><h5><span style=\"color: #808080;\">Es el responsable de los servicios de Etolog\u00eda Cl\u00ednica y Modificaci\u00f3n de Conducta de RESPET.<\/span><\/h5><p id=\":m0\" class=\"ajR\" tabindex=\"0\" role=\"button\" data-tooltip=\"Mostrar contenido reducido\" aria-label=\"Mostrar contenido reducido\"><img decoding=\"async\" class=\"ajT\" src=\"https:\/\/ssl.gstatic.com\/ui\/v1\/icons\/mail\/images\/cleardot.gif\" \/>\u00a0<\/p><\/div>\t\t\t\t\t\t<\/div>\n\t\t\t\t<\/div>\n\t\t\t\t\t<\/div>\n\t\t<\/div>\n\t\t\t\t\t<\/div>\n\t\t<\/section>\n\t\t\t\t<\/div>\n\t\t","protected":false},"excerpt":{"rendered":"<p>Alvaro Ar\u00e9valo es Licenciado en Veterinaria por la Universidad Complutense de Madrid. Curs\u00f3 un M\u00e1ster en Etolog\u00eda Cl\u00ednica en la Universidad Aut\u00f3noma de Barcelona y ha realizado numerosos Curso de formaci\u00f3n en Educaci\u00f3n Canina y Modificaci\u00f3n de Conducta con profesionales de todo el mundo: Ethogroup, Learning about dogs, Kay Laurence, Jaume Fatj\u00f3, Xavier Manteca, Marta <a class=\"more-link\" href=\"https:\/\/www.respet.net\/?page_id=172\">Continue reading <i class=\"fa fa-chevron-right\"><\/i><\/a><\/p>\n","protected":false},"author":2,"featured_media":0,"parent":0,"menu_order":0,"comment_status":"closed","ping_status":"closed","template":"page-fullwidth.php","meta":{"footnotes":""},"class_list":["post-172","page","type-page","status-publish","hentry"],"_links":{"self":[{"href":"https:\/\/www.respet.net\/index.php?rest_route=\/wp\/v2\/pages\/172","targetHints":{"allow":["GET"]}}],"collection":[{"href":"https:\/\/www.respet.net\/index.php?rest_route=\/wp\/v2\/pages"}],"about":[{"href":"https:\/\/www.respet.net\/index.php?rest_route=\/wp\/v2\/types\/page"}],"author":[{"embeddable":true,"href":"https:\/\/www.respet.net\/index.php?rest_route=\/wp\/v2\/users\/2"}],"replies":[{"embeddable":true,"href":"https:\/\/www.respet.net\/index.php?rest_route=%2Fwp%2Fv2%2Fcomments&post=172"}],"version-history":[{"count":16,"href":"https:\/\/www.respet.net\/index.php?rest_route=\/wp\/v2\/pages\/172\/revisions"}],"predecessor-version":[{"id":334,"href":"https:\/\/www.respet.net\/index.php?rest_route=\/wp\/v2\/pages\/172\/revisions\/334"}],"wp:attachment":[{"href":"https:\/\/www.respet.net\/index.php?rest_route=%2Fwp%2Fv2%2Fmedia&parent=172"}],"curies":[{"name":"wp","href":"https:\/\/api.w.org\/{rel}","templated":true}]}}